{"id":399,"date":"2014-04-26T00:00:45","date_gmt":"2014-04-26T00:00:45","guid":{"rendered":"http:\/\/casasanroquevalladolid.com\/web\/?page_id=399"},"modified":"2022-04-26T19:56:45","modified_gmt":"2022-04-26T19:56:45","slug":"naturaleza","status":"publish","type":"page","link":"https:\/\/casasanroquevalladolid.com\/web\/conoce-yucatan\/naturaleza\/","title":{"rendered":"NATURALEZA"},"content":{"rendered":"<div class=\"wpb-content-wrapper\">[vc_row][vc_column][vc_wp_text]<div class=\"su-youtube su-u-responsive-media-yes\"><iframe width=\"600\" height=\"400\" src=\"https:\/\/www.youtube.com\/embed\/7RHhJ9q96YA?\" frameborder=\"0\" allowfullscreen allow=\"autoplay; encrypted-media; picture-in-picture\" title=\"\"><\/iframe><\/div>[\/vc_wp_text][\/vc_column][\/vc_row][vc_row][vc_column][vc_column_text]\n<p class=\"p1\"><strong>Conoce los bellos cenotes<\/strong><\/p>\n<p class=\"p1\">En los alrededores de Valladolid existen sendos cuerpos subterr\u00e1neos de agua dulce. En la misma ciudad est\u00e1 el Cenote Zaci, que por mucho tiempo abasteci\u00f3 de agua a la poblaci\u00f3n y que hoy se conserva como un atractivo natural en cuyo alrededor hay un restaurante y tiendas de artesan\u00edas.<\/p>\n<p class=\"p1\">Muy cerca de este Pueblo M\u00e1gico se ubican los cenotes de Dzitnup, compuesto por el Cenote Zac-muul-ha \u00f3 Samul\u00e1 y el Cenote Xkek\u00e9n, conjunto conocido tambi\u00e9n como \u201cLa cueva azul\u201d. En ambos casos se trata de grandes salones con amplias pozas de aguas cristalinas de color turquesa y techos llenos de formidables estalactitas.<\/p>\n<p class=\"p1\">A s\u00f3lo pocos kil\u00f3metros al oriente de Valladolid, sobre la carretera libre a Canc\u00fan, se toma la desviaci\u00f3n hacia Yalcob\u00e1 y saliendo de este pueblo se descubre el bello cenote Agua Dulce (que en realidad son 4), cuya b\u00f3veda natural tiene algunos huecos por donde se cuela la luz del sol y deja admirar la tonalidad de sus azules aguas y sus m\u00faltiples estalctitas.<\/p>\n<p class=\"p1\">Grutas de Balamkanch\u00e9<\/p>\n<p class=\"p1\">Estas famosas grutas fueron descubiertas accidentalmente por un gu\u00eda tur\u00edstico en 1959 y hoy conforma uno de los atractivos naturales cercanos a Valladolid. Al centro de sus amplios salones cubiertos por estalactitas y estalagmitas se observa una estructura unida al suelo que asemeja al tronco de una ceiba. Se estima que el lugar tuvo usos rituales para los antiguos mayas pues en \u00e9l se hallaron piezas de cer\u00e1mica, conchas y trozos de jade.<\/p>\n[\/vc_column_text][\/vc_column][\/vc_row][vc_row][vc_column][vc_wp_text]\n<p class=\"p1\"><div id=\"su_slider_69e2f21824270\" class=\"su-slider su-slider-centered su-slider-pages-no su-slider-responsive-yes\" style=\"width:100%\" data-autoplay=\"3000\" data-speed=\"600\" data-mousewheel=\"false\"><div class=\"su-slider-slides\"><div class=\"su-slider-slide\"><a><img decoding=\"async\" src=\"https:\/\/casasanroquevalladolid.com\/web\/wp-content\/uploads\/2014\/05\/cenote-1-960x580.jpg\" alt=\"cenote 1\" \/><\/a><\/div><div class=\"su-slider-slide\"><a><img decoding=\"async\" src=\"https:\/\/casasanroquevalladolid.com\/web\/wp-content\/uploads\/2014\/05\/DSC_0894-960x580.jpg\" alt=\"DSC_0894\" \/><\/a><\/div><div class=\"su-slider-slide\"><a><img decoding=\"async\" src=\"https:\/\/casasanroquevalladolid.com\/web\/wp-content\/uploads\/2014\/05\/sambula-cenote-960x580.jpg\" alt=\"sambula cenote\" \/><\/a><\/div><div class=\"su-slider-slide\"><a><img decoding=\"async\" src=\"https:\/\/casasanroquevalladolid.com\/web\/wp-content\/uploads\/2014\/05\/34530808-960x580.jpg\" alt=\"34530808\" \/><\/a><\/div><div class=\"su-slider-slide\"><a><img decoding=\"async\" src=\"https:\/\/casasanroquevalladolid.com\/web\/wp-content\/uploads\/2014\/05\/balankanche-960x580.jpg\" alt=\"balankanche\" \/><\/a><\/div><div class=\"su-slider-slide\"><a><img decoding=\"async\" src=\"https:\/\/casasanroquevalladolid.com\/web\/wp-content\/uploads\/2014\/05\/grutas_de_loltun_oxkutzcab_merida_yucatan_mexico3-960x580.jpg\" alt=\"grutas_de_loltun_oxkutzcab_merida_yucatan_mexico3\" \/><\/a><\/div><div class=\"su-slider-slide\"><a><img decoding=\"async\" src=\"https:\/\/casasanroquevalladolid.com\/web\/wp-content\/uploads\/2014\/05\/grutasloltun2-960x580.jpg\" alt=\"grutasloltun2\" \/><\/a><\/div><div class=\"su-slider-slide\"><a><img decoding=\"async\" src=\"https:\/\/casasanroquevalladolid.com\/web\/wp-content\/uploads\/2014\/05\/grutastecoh1-960x580.jpg\" alt=\"grutastecoh1\" \/><\/a><\/div><div class=\"su-slider-slide\"><a><img decoding=\"async\" src=\"https:\/\/casasanroquevalladolid.com\/web\/wp-content\/uploads\/2014\/05\/san-ignacio-960x580.jpg\" alt=\"san-ignacio\" \/><\/a><\/div><\/div><div class=\"su-slider-nav\"><div class=\"su-slider-direction\"><span class=\"su-slider-prev\"><\/span><span class=\"su-slider-next\"><\/span><\/div><div class=\"su-slider-pagination\"><\/div><\/div><\/div>\n[\/vc_wp_text][\/vc_column][\/vc_row]\n<\/div>","protected":false},"excerpt":{"rendered":"<p>[vc_row][vc_column][vc_wp_text][\/vc_wp_text][\/vc_column][\/vc_row][vc_row][vc_column][vc_column_text] Conoce los bellos cenotes En los alrededores de Valladolid existen sendos cuerpos subterr\u00e1neos de agua dulce. En la misma ciudad est\u00e1 el Cenote Zaci, que por mucho tiempo abasteci\u00f3 de agua a la poblaci\u00f3n y que hoy se conserva como un atractivo natural en cuyo alrededor hay un restaurante y tiendas de artesan\u00edas. Muy<\/p>\n","protected":false},"author":4,"featured_media":0,"parent":102,"menu_order":0,"comment_status":"closed","ping_status":"closed","template":"","meta":{"footnotes":""},"class_list":["post-399","page","type-page","status-publish","hentry"],"_links":{"self":[{"href":"https:\/\/casasanroquevalladolid.com\/web\/wp-json\/wp\/v2\/pages\/399","targetHints":{"allow":["GET"]}}],"collection":[{"href":"https:\/\/casasanroquevalladolid.com\/web\/wp-json\/wp\/v2\/pages"}],"about":[{"href":"https:\/\/casasanroquevalladolid.com\/web\/wp-json\/wp\/v2\/types\/page"}],"author":[{"embeddable":true,"href":"https:\/\/casasanroquevalladolid.com\/web\/wp-json\/wp\/v2\/users\/4"}],"replies":[{"embeddable":true,"href":"https:\/\/casasanroquevalladolid.com\/web\/wp-json\/wp\/v2\/comments?post=399"}],"version-history":[{"count":11,"href":"https:\/\/casasanroquevalladolid.com\/web\/wp-json\/wp\/v2\/pages\/399\/revisions"}],"predecessor-version":[{"id":658,"href":"https:\/\/casasanroquevalladolid.com\/web\/wp-json\/wp\/v2\/pages\/399\/revisions\/658"}],"up":[{"embeddable":true,"href":"https:\/\/casasanroquevalladolid.com\/web\/wp-json\/wp\/v2\/pages\/102"}],"wp:attachment":[{"href":"https:\/\/casasanroquevalladolid.com\/web\/wp-json\/wp\/v2\/media?parent=399"}],"curies":[{"name":"wp","href":"https:\/\/api.w.org\/{rel}","templated":true}]}}