{"id":370,"date":"2014-05-26T14:03:41","date_gmt":"2014-05-26T14:03:41","guid":{"rendered":"http:\/\/casasanroquevalladolid.com\/web\/?page_id=370"},"modified":"2015-04-27T17:45:33","modified_gmt":"2015-04-27T17:45:33","slug":"zonas-arqueologicas","status":"publish","type":"page","link":"https:\/\/casasanroquevalladolid.com\/web\/conoce-yucatan\/zonas-arqueologicas\/","title":{"rendered":"ZONAS ARQUEOLOGICAS"},"content":{"rendered":"<div class=\"wpb-content-wrapper\">[vc_row][vc_column width=\u00bb1\/1&#8243;][vc_wp_text]<div class=\"su-youtube su-u-responsive-media-yes\"><iframe width=\"600\" height=\"400\" src=\"https:\/\/www.youtube.com\/embed\/IZrjvfchRIs?autohide=2&amp;autoplay=0&amp;mute=0&amp;controls=1&amp;fs=1&amp;loop=0&amp;modestbranding=0&amp;rel=0&amp;showinfo=1&amp;theme=dark&amp;wmode=&amp;playsinline=0\" frameborder=\"0\" allowfullscreen allow=\"autoplay; encrypted-media; picture-in-picture\" title=\"\"><\/iframe><\/div>[\/vc_wp_text][\/vc_column][\/vc_row][vc_row][vc_column width=\u00bb1\/1&#8243;][vc_wp_text]<strong>SITIOS ARQUEOLOGICOS<\/strong><\/p>\n<p><strong>CHICH\u00c9N &#8211; ITZ\u00c1<\/strong><br \/>\nA s\u00f3lo 42 kil\u00f3metros de Valladolid est\u00e1 este asentamiento maya cuyo esplendor se dio en el periodo poscl\u00e1sico y que ha sido reconocida a nivel mundial por la majestuosidad de sus edificios. En esta zona arqueol\u00f3gica te sorprender\u00e1s con la monumental Pir\u00e1mide de Kukulc\u00e1n (tambi\u00e9n conocida como El Castillo), construida conforme a un c\u00e1lculo astron\u00f3mico por lo que muestra su mayor grandeza arquitect\u00f3nica durante los equinoccios; el Juego de Pelota con sus maravillosos relieves esculpidos; el Templo de los Jaguares, el Templo de las Monjas y el Caracol. Por un sacb\u00e9, o camino blanco, se llega al Cenote Sagrado que le dio su nombre a la ciudad.<\/p>\n<p><strong>EK BALAM<\/strong><br \/>\nA 40 kil\u00f3metros de Valladolid se ubica esta zona arqueol\u00f3gica cuyo significado es \u201cJaguar Negro\u201d, y que fue una de las \u00faltimas descubiertas en la Pen\u00ednsula de Yucat\u00e1n. En esta ciudad maya se hallan 45 estructuras de las que sobresale La Acr\u00f3polis, monumental edificio que alberga magn\u00edficas esculturas y la sepultura del rey Ukit con m\u00faltiples ofrendas, el juego de pelota, el Palacio Oval y una doble muralla que rodea la ciudad.<\/p>\n<p><strong>\u2028COB\u00c1<\/strong><br \/>\nCerca de Valladolid, pero escondida entre la tupida selva tropical, se yergue la ciudad ancestral de Cob\u00e1. En estas ruinas mayas se localiza la pir\u00e1mide m\u00e1s alta del vecino estado de Quintana Roo, el templo de Nohoch Muul, desde el cual podr\u00e1s tener una de las m\u00e1s bellas vistas de la zona. Recorre, a pie o en bicicleta, estos vestigios donde tambi\u00e9n se encuentra el hogar de una comunidad maya aut\u00e9ntica que ha sabido ser autosuficiente aprovechando los recursos del sistema lacustre.[\/vc_wp_text][\/vc_column][\/vc_row][vc_row][vc_column width=\u00bb1\/1&#8243;][vc_wp_text]<div id=\"su_slider_69e2f21ccfcce\" class=\"su-slider su-slider-centered su-slider-pages-no su-slider-responsive-yes\" style=\"width:100%\" data-autoplay=\"3000\" data-speed=\"600\" data-mousewheel=\"false\"><div class=\"su-slider-slides\"><div class=\"su-slider-slide\"><a><img decoding=\"async\" src=\"https:\/\/casasanroquevalladolid.com\/web\/wp-content\/uploads\/2014\/05\/4330_11884263701-960x580.jpg\" alt=\"4330_1188426370\" \/><\/a><\/div><div class=\"su-slider-slide\"><a><img decoding=\"async\" src=\"https:\/\/casasanroquevalladolid.com\/web\/wp-content\/uploads\/2014\/05\/Mexico_Chichen_Itza_Yucatan-960x580.jpg\" alt=\"Mexico_Chichen_Itza_Yucatan\" \/><\/a><\/div><div class=\"su-slider-slide\"><a><img decoding=\"async\" src=\"https:\/\/casasanroquevalladolid.com\/web\/wp-content\/uploads\/2014\/05\/large-960x580.jpg\" alt=\"large\" \/><\/a><\/div><div class=\"su-slider-slide\"><a><img decoding=\"async\" src=\"https:\/\/casasanroquevalladolid.com\/web\/wp-content\/uploads\/2014\/05\/Juego_de_pelota_chichen_itza-960x580.jpg\" alt=\"Juego_de_pelota_chichen_itza\" \/><\/a><\/div><div class=\"su-slider-slide\"><a><img decoding=\"async\" src=\"https:\/\/casasanroquevalladolid.com\/web\/wp-content\/uploads\/2014\/05\/Chichen_Itza_PH1-960x580.jpg\" alt=\"Chichen_Itza_PH\" \/><\/a><\/div><div class=\"su-slider-slide\"><a><img decoding=\"async\" src=\"https:\/\/casasanroquevalladolid.com\/web\/wp-content\/uploads\/2014\/05\/Chichen_Itza_41-960x580.jpg\" alt=\"Chichen_Itza_4\" \/><\/a><\/div><div class=\"su-slider-slide\"><a><img decoding=\"async\" src=\"https:\/\/casasanroquevalladolid.com\/web\/wp-content\/uploads\/2014\/05\/CHICHEN-ITZA-CITY-WALLPAPERS-11-960x580.jpg\" alt=\"CHICHEN ITZA CITY WALLPAPERS (1)\" \/><\/a><\/div><div class=\"su-slider-slide\"><a><img decoding=\"async\" src=\"https:\/\/casasanroquevalladolid.com\/web\/wp-content\/uploads\/2014\/05\/ekbalam-960x580.jpg\" alt=\"ekbalam\" \/><\/a><\/div><div class=\"su-slider-slide\"><a><img decoding=\"async\" src=\"https:\/\/casasanroquevalladolid.com\/web\/wp-content\/uploads\/2014\/05\/Ek_balam_-_09-960x580.jpg\" alt=\"Ek&#8217;_balam_-_09\" \/><\/a><\/div><div class=\"su-slider-slide\"><a><img decoding=\"async\" src=\"https:\/\/casasanroquevalladolid.com\/web\/wp-content\/uploads\/2014\/05\/DSC_0224-Version-2-960x580.jpg\" alt=\"DSC_0224 &#8211; Version 2\" \/><\/a><\/div><div class=\"su-slider-slide\"><a><img decoding=\"async\" src=\"https:\/\/casasanroquevalladolid.com\/web\/wp-content\/uploads\/2014\/05\/DSC_0204-Version-2-960x580.jpg\" alt=\"DSC_0204 &#8211; Version 2\" \/><\/a><\/div><div class=\"su-slider-slide\"><a><img decoding=\"async\" src=\"https:\/\/casasanroquevalladolid.com\/web\/wp-content\/uploads\/2014\/05\/DSC_0089-panorama-960x580.jpg\" alt=\"DSC_0089-panorama\" \/><\/a><\/div><div class=\"su-slider-slide\"><a><img decoding=\"async\" src=\"https:\/\/casasanroquevalladolid.com\/web\/wp-content\/uploads\/2014\/05\/arton3456-960x580.jpg\" alt=\"arton3456\" \/><\/a><\/div><div class=\"su-slider-slide\"><a><img decoding=\"async\" src=\"https:\/\/casasanroquevalladolid.com\/web\/wp-content\/uploads\/2014\/05\/103_0352-960x580.jpg\" alt=\"103_0352\" \/><\/a><\/div><div class=\"su-slider-slide\"><a><img decoding=\"async\" src=\"https:\/\/casasanroquevalladolid.com\/web\/wp-content\/uploads\/2014\/05\/P1260004-960x580.jpg\" alt=\"P1260004\" \/><\/a><\/div><div class=\"su-slider-slide\"><a><img decoding=\"async\" src=\"https:\/\/casasanroquevalladolid.com\/web\/wp-content\/uploads\/2014\/05\/p1020473-960x580.jpg\" alt=\"In Coba.\" \/><\/a><\/div><div class=\"su-slider-slide\"><a><img decoding=\"async\" src=\"https:\/\/casasanroquevalladolid.com\/web\/wp-content\/uploads\/2014\/05\/Coba-026-960x580.jpg\" alt=\"M4034S-4211\" \/><\/a><\/div><div class=\"su-slider-slide\"><a><img decoding=\"async\" src=\"https:\/\/casasanroquevalladolid.com\/web\/wp-content\/uploads\/2014\/05\/Coba_Ballcourt-27527-960x580.jpg\" alt=\"Coba_Ballcourt-27527\" \/><\/a><\/div><div class=\"su-slider-slide\"><a><img decoding=\"async\" src=\"https:\/\/casasanroquevalladolid.com\/web\/wp-content\/uploads\/2014\/05\/Admiring-the-view-from-the-top-of-Coba-Ruins-in-Mexico-960x580.jpg\" alt=\"Admiring-the-view-from-the-top-of-Coba-Ruins-in-Mexico\" \/><\/a><\/div><div class=\"su-slider-slide\"><a><img decoding=\"async\" src=\"https:\/\/casasanroquevalladolid.com\/web\/wp-content\/uploads\/2014\/05\/2010._Cob\u00e1._Quintana_Roo._M\u00e9xico.-12.jpg\" alt=\"2010._Cob\u00e1._Quintana_Roo._M\u00e9xico.-12\" \/><\/a><\/div><div class=\"su-slider-slide\"><a><img decoding=\"async\" src=\"https:\/\/casasanroquevalladolid.com\/web\/wp-content\/uploads\/2014\/05\/056e_Coba_Ballcourt-960x580.jpg\" alt=\"Coba &#8211; Nohoch Mul\" \/><\/a><\/div><\/div><div class=\"su-slider-nav\"><div class=\"su-slider-direction\"><span class=\"su-slider-prev\"><\/span><span class=\"su-slider-next\"><\/span><\/div><div class=\"su-slider-pagination\"><\/div><\/div><\/div>[\/vc_wp_text][\/vc_column][\/vc_row]\n<\/div>","protected":false},"excerpt":{"rendered":"<p>[vc_row][vc_column width=\u00bb1\/1&#8243;][vc_wp_text][\/vc_wp_text][\/vc_column][\/vc_row][vc_row][vc_column width=\u00bb1\/1&#8243;][vc_wp_text]SITIOS ARQUEOLOGICOS CHICH\u00c9N &#8211; ITZ\u00c1 A s\u00f3lo 42 kil\u00f3metros de Valladolid est\u00e1 este asentamiento maya cuyo esplendor se dio en el periodo poscl\u00e1sico y que ha sido reconocida a nivel mundial por la majestuosidad de sus edificios. En esta zona arqueol\u00f3gica te sorprender\u00e1s con la monumental Pir\u00e1mide de Kukulc\u00e1n (tambi\u00e9n conocida como El<\/p>\n","protected":false},"author":4,"featured_media":0,"parent":102,"menu_order":0,"comment_status":"closed","ping_status":"closed","template":"","meta":{"footnotes":""},"class_list":["post-370","page","type-page","status-publish","hentry"],"_links":{"self":[{"href":"https:\/\/casasanroquevalladolid.com\/web\/wp-json\/wp\/v2\/pages\/370","targetHints":{"allow":["GET"]}}],"collection":[{"href":"https:\/\/casasanroquevalladolid.com\/web\/wp-json\/wp\/v2\/pages"}],"about":[{"href":"https:\/\/casasanroquevalladolid.com\/web\/wp-json\/wp\/v2\/types\/page"}],"author":[{"embeddable":true,"href":"https:\/\/casasanroquevalladolid.com\/web\/wp-json\/wp\/v2\/users\/4"}],"replies":[{"embeddable":true,"href":"https:\/\/casasanroquevalladolid.com\/web\/wp-json\/wp\/v2\/comments?post=370"}],"version-history":[{"count":6,"href":"https:\/\/casasanroquevalladolid.com\/web\/wp-json\/wp\/v2\/pages\/370\/revisions"}],"predecessor-version":[{"id":505,"href":"https:\/\/casasanroquevalladolid.com\/web\/wp-json\/wp\/v2\/pages\/370\/revisions\/505"}],"up":[{"embeddable":true,"href":"https:\/\/casasanroquevalladolid.com\/web\/wp-json\/wp\/v2\/pages\/102"}],"wp:attachment":[{"href":"https:\/\/casasanroquevalladolid.com\/web\/wp-json\/wp\/v2\/media?parent=370"}],"curies":[{"name":"wp","href":"https:\/\/api.w.org\/{rel}","templated":true}]}}