{"id":341,"date":"2014-05-26T00:29:40","date_gmt":"2014-05-26T00:29:40","guid":{"rendered":"http:\/\/casasanroquevalladolid.com\/web\/?page_id=341"},"modified":"2015-04-27T17:20:13","modified_gmt":"2015-04-27T17:20:13","slug":"tradiciones","status":"publish","type":"page","link":"https:\/\/casasanroquevalladolid.com\/web\/conoce-yucatan\/valladolid\/tradiciones\/","title":{"rendered":"Tradiciones"},"content":{"rendered":"<div class=\"wpb-content-wrapper\">[vc_row][vc_column width=\u00bb1\/1&#8243;][vc_wp_text]<div class=\"su-youtube su-u-responsive-media-yes\"><iframe width=\"600\" height=\"400\" src=\"https:\/\/www.youtube.com\/embed\/DTjQSEIN2dw?autohide=2&amp;autoplay=0&amp;mute=0&amp;controls=1&amp;fs=1&amp;loop=0&amp;modestbranding=0&amp;rel=0&amp;showinfo=1&amp;theme=dark&amp;wmode=&amp;playsinline=0\" frameborder=\"0\" allowfullscreen allow=\"autoplay; encrypted-media; picture-in-picture\" title=\"\"><\/iframe><\/div>[\/vc_wp_text][\/vc_column][\/vc_row][vc_row][vc_column width=\u00bb1\/1&#8243;][vc_wp_text]<strong>Lo t\u00edpico<\/strong><\/p>\n<p>En esta localidad yucateca se realizan numerosas artesan\u00edas, de las que sobresalen la ropa t\u00edpica (bordados, encajes, hupiles y guayaberas), las hamacas, la joyer\u00eda, la talabarter\u00eda y el tallado de piedra. Las podr\u00e1s adquirir en el Mercado de Artesan\u00edas y en el Centro Artesanal Zaci.<\/p>\n<p>Tampoco te pierdas los ricos antojitos yucatecos como los salbutes, panuchos, papadzules y tamales, entre otros, al igual que las bebidas t\u00edpicas como el xtabentun y el balch\u00e9.<\/p>\n<p><strong>GASTRONOMIA<\/strong><br \/>\nEn este Pueblo M\u00e1gico podr\u00e1s deleitarte con lo mejor de la cocina yucateca, reconocida internacionalmente. No dejes de probar los tradicionales salbutes, panuchos, papadzules, la cochinita pibil, el queso relleno, el mucbil de pollo y los tamales, acompa\u00f1ados de una rica (y muy picosa) salsa de chile habanero.<\/p>\n<p>Para el postre, te recomendamos probar los dulces t\u00edpicos como la yuca con miel, la calabaza melada, el camote con coco, la melcocha y el mazap\u00e1n de pepita de calabaza. En este destino tambi\u00e9n podr\u00e1s degustar las bebidas originarias de Yucat\u00e1n como el xtabentun y el carabanchel.<\/p>\n<p><strong>Adquiere arte popular<\/strong><\/p>\n<p>En Valladolid es com\u00fan observar a las mujeres usar sencillos huipiles con encajes y bordados en el cuello y en el borde del vestido, mientras que los hombres suelen portar los tradicionales sombreros de jipijapa y frescas guayaberas. Este tipo de prendas y accesorios se pueden comprar a muy buenos precios en los mercados y tiendas de artesan\u00eda ubicados en la misma ciudad.<\/p>\n<p><strong>ALREDEDORES<\/strong><\/p>\n<p>Valladolid es una puerta a los tesoros mayas del oriente yucateco. Muy cerca de esta ciudad colonial se localizan importantes vestigios prehisp\u00e1nicos, as\u00ed como bellos parajes naturales.[\/vc_wp_text][\/vc_column][\/vc_row][vc_row][vc_column width=\u00bb1\/1&#8243;][vc_wp_text]<div id=\"su_slider_69e2f04c34b7c\" class=\"su-slider su-slider-centered su-slider-pages-no su-slider-responsive-yes\" style=\"width:100%\" data-autoplay=\"3000\" data-speed=\"600\" data-mousewheel=\"false\"><div class=\"su-slider-slides\"><div class=\"su-slider-slide\"><a><img decoding=\"async\" src=\"https:\/\/casasanroquevalladolid.com\/web\/wp-content\/uploads\/2014\/05\/DSC_0137-960x580.jpg\" alt=\"DSC_0137\" \/><\/a><\/div><div class=\"su-slider-slide\"><a><img decoding=\"async\" src=\"https:\/\/casasanroquevalladolid.com\/web\/wp-content\/uploads\/2014\/05\/nuestra-gente-960x580.jpg\" alt=\"nuestra gente\" \/><\/a><\/div><div class=\"su-slider-slide\"><a><img decoding=\"async\" src=\"https:\/\/casasanroquevalladolid.com\/web\/wp-content\/uploads\/2014\/05\/RLO_5383-960x580.jpg\" alt=\"RLO_5383\" \/><\/a><\/div><div class=\"su-slider-slide\"><a><img decoding=\"async\" src=\"https:\/\/casasanroquevalladolid.com\/web\/wp-content\/uploads\/2014\/05\/RLO_5412-960x580.jpg\" alt=\"RLO_5412\" \/><\/a><\/div><div class=\"su-slider-slide\"><a><img decoding=\"async\" src=\"https:\/\/casasanroquevalladolid.com\/web\/wp-content\/uploads\/2014\/05\/RLO_5467-960x580.jpg\" alt=\"RLO_5467\" \/><\/a><\/div><div class=\"su-slider-slide\"><a><img decoding=\"async\" src=\"https:\/\/casasanroquevalladolid.com\/web\/wp-content\/uploads\/2014\/05\/RLO_5839-960x580.jpg\" alt=\"RLO_5839\" \/><\/a><\/div><div class=\"su-slider-slide\"><a><img decoding=\"async\" src=\"https:\/\/casasanroquevalladolid.com\/web\/wp-content\/uploads\/2014\/05\/RLO_5885-960x580.jpg\" alt=\"RLO_5885\" \/><\/a><\/div><div class=\"su-slider-slide\"><a><img decoding=\"async\" src=\"https:\/\/casasanroquevalladolid.com\/web\/wp-content\/uploads\/2014\/05\/5-11-960x580.jpg\" alt=\"5-1\" \/><\/a><\/div><div class=\"su-slider-slide\"><a><img decoding=\"async\" src=\"https:\/\/casasanroquevalladolid.com\/web\/wp-content\/uploads\/2014\/05\/5-21-960x580.jpg\" alt=\"5-2\" \/><\/a><\/div><div class=\"su-slider-slide\"><a><img decoding=\"async\" src=\"https:\/\/casasanroquevalladolid.com\/web\/wp-content\/uploads\/2014\/05\/5-3-960x580.jpg\" alt=\"5-3\" \/><\/a><\/div><div class=\"su-slider-slide\"><a><img decoding=\"async\" src=\"https:\/\/casasanroquevalladolid.com\/web\/wp-content\/uploads\/2014\/05\/5-960x580.jpg\" alt=\"5\" \/><\/a><\/div><div class=\"su-slider-slide\"><a><img decoding=\"async\" src=\"https:\/\/casasanroquevalladolid.com\/web\/wp-content\/uploads\/2014\/05\/com_6350-960x580.jpg\" alt=\"com_6350\" \/><\/a><\/div><\/div><div class=\"su-slider-nav\"><div class=\"su-slider-direction\"><span class=\"su-slider-prev\"><\/span><span class=\"su-slider-next\"><\/span><\/div><div class=\"su-slider-pagination\"><\/div><\/div><\/div>[\/vc_wp_text][\/vc_column][\/vc_row]\n<\/div>","protected":false},"excerpt":{"rendered":"<p>[vc_row][vc_column width=\u00bb1\/1&#8243;][vc_wp_text][\/vc_wp_text][\/vc_column][\/vc_row][vc_row][vc_column width=\u00bb1\/1&#8243;][vc_wp_text]Lo t\u00edpico En esta localidad yucateca se realizan numerosas artesan\u00edas, de las que sobresalen la ropa t\u00edpica (bordados, encajes, hupiles y guayaberas), las hamacas, la joyer\u00eda, la talabarter\u00eda y el tallado de piedra. Las podr\u00e1s adquirir en el Mercado de Artesan\u00edas y en el Centro Artesanal Zaci. Tampoco te pierdas los ricos antojitos<\/p>\n","protected":false},"author":4,"featured_media":0,"parent":312,"menu_order":0,"comment_status":"closed","ping_status":"closed","template":"","meta":{"footnotes":""},"class_list":["post-341","page","type-page","status-publish","hentry"],"_links":{"self":[{"href":"https:\/\/casasanroquevalladolid.com\/web\/wp-json\/wp\/v2\/pages\/341","targetHints":{"allow":["GET"]}}],"collection":[{"href":"https:\/\/casasanroquevalladolid.com\/web\/wp-json\/wp\/v2\/pages"}],"about":[{"href":"https:\/\/casasanroquevalladolid.com\/web\/wp-json\/wp\/v2\/types\/page"}],"author":[{"embeddable":true,"href":"https:\/\/casasanroquevalladolid.com\/web\/wp-json\/wp\/v2\/users\/4"}],"replies":[{"embeddable":true,"href":"https:\/\/casasanroquevalladolid.com\/web\/wp-json\/wp\/v2\/comments?post=341"}],"version-history":[{"count":8,"href":"https:\/\/casasanroquevalladolid.com\/web\/wp-json\/wp\/v2\/pages\/341\/revisions"}],"predecessor-version":[{"id":499,"href":"https:\/\/casasanroquevalladolid.com\/web\/wp-json\/wp\/v2\/pages\/341\/revisions\/499"}],"up":[{"embeddable":true,"href":"https:\/\/casasanroquevalladolid.com\/web\/wp-json\/wp\/v2\/pages\/312"}],"wp:attachment":[{"href":"https:\/\/casasanroquevalladolid.com\/web\/wp-json\/wp\/v2\/media?parent=341"}],"curies":[{"name":"wp","href":"https:\/\/api.w.org\/{rel}","templated":true}]}}