{"id":325,"date":"2015-04-25T23:55:34","date_gmt":"2015-04-25T23:55:34","guid":{"rendered":"http:\/\/casasanroquevalladolid.com\/web\/?page_id=325"},"modified":"2025-06-16T20:44:32","modified_gmt":"2025-06-16T20:44:32","slug":"arquitectura","status":"publish","type":"page","link":"https:\/\/casasanroquevalladolid.com\/web\/conoce-yucatan\/valladolid\/arquitectura\/","title":{"rendered":"Arquitectura"},"content":{"rendered":"<div class=\"wpb-content-wrapper\">[vc_row][vc_column width=\u00bb2\/3&#8243;][vc_video link=\u00bbhttps:\/\/vimeo.com\/703435793&#8243;][\/vc_column][vc_column width=\u00bb1\/3&#8243;][vc_custom_heading text=\u00bbARQUITECTURA COLONIAL\u00bb font_container=\u00bbtag:h2|font_size:33|text_align:center|color:%23dd3333&#8243; google_fonts=\u00bbfont_family:Cinzel%3Aregular%2C700%2C900|font_style:400%20regular%3A400%3Anormal\u00bb][vc_column_text]En \u00a0Valladolid a\u00fan se respira un aire provinciano de notable acento colonial que est\u00e1 presente en sus elegantes casonas y edificios hist\u00f3ricos. Alrededor de la Plaza Principal, una agradable explanada con amplias jardineras, se encuentran hoteles, restaurantes, el Palacio Municipal y la Parroquia de San Servacio.<\/p>\n<blockquote>\n<p>En cada esquina se esconde un relato, \u00a0en cada fachada un color y en cada piedra miles de pasos&#8230;<\/p>\n<\/blockquote>\n[\/vc_column_text][\/vc_column][\/vc_row][vc_row][vc_column][vc_separator style=\u00bbdashed\u00bb border_width=\u00bb2&#8243;][\/vc_column][\/vc_row][vc_row][vc_column width=\u00bb1\/3&#8243;][vc_single_image image=\u00bb519&#8243; img_size=\u00bb300&#215;200&#8243; alignment=\u00bbcenter\u00bb style=\u00bbvc_box_shadow_border\u00bb][vc_custom_heading text=\u00bbIglesia de San Servacio\u00bb font_container=\u00bbtag:h2|font_size:33|text_align:center|color:%23dd3333&#8243; google_fonts=\u00bbfont_family:Cinzel%3Aregular%2C700%2C900|font_style:400%20regular%3A400%3Anormal\u00bb][vc_column_text]Construida originalmente en 1545 y demolida en 1705 a ra\u00edz de su profanaci\u00f3n en el llamado \u201cCrimen de los Alcaldes\u201d y reconstruida en 1706 cambiando su orientaci\u00f3n para evitar que el altar quedara en la misma posici\u00f3n que el que fuera mancillado. \u00a0Muestra una arquitectura sobria de estilo franciscano, con dos torres de planta cuadrada y la caseta del \u00fanico reloj p\u00fablico de la ciudad.[\/vc_column_text][\/vc_column][vc_column width=\u00bb1\/3&#8243;][vc_single_image image=\u00bb524&#8243; img_size=\u00bb300&#215;200&#8243; alignment=\u00bbcenter\u00bb style=\u00bbvc_box_shadow_border\u00bb][vc_custom_heading text=\u00bbSan Bernardino de Siena\u00bb font_container=\u00bbtag:h2|font_size:33|text_align:center|color:%23dd3333&#8243; google_fonts=\u00bbfont_family:Cinzel%3Aregular%2C700%2C900|font_style:400%20regular%3A400%3Anormal\u00bb][vc_column_text]Al final de la Calzada de los Frailes se levanta esta joya colonial edificada en 1552; funcion\u00f3 como monasterio Franciscano y fortaleza durante los ataques de los rebeldes mayas. En su interior se conservan frescos originales de finales del siglo XVI, catacumbas, criptas y capillas. La noria surt\u00eda el jard\u00edn de meditaci\u00f3n y la huerta con las frescas aguas del cenote Ziis-Ha. Existe un museo donde se exhiben las armas arrojadas por los Espa\u00f1oles y recuperadas por el INAH del fondo del cenote.[\/vc_column_text][\/vc_column][vc_column width=\u00bb1\/3&#8243;][vc_single_image image=\u00bb525&#8243; img_size=\u00bb300&#215;200&#8243; alignment=\u00bbcenter\u00bb style=\u00bbvc_box_shadow_border\u00bb][vc_custom_heading text=\u00bbIglesia de la Candelaria\u00bb font_container=\u00bbtag:h2|font_size:33|text_align:center|color:%23dd3333&#8243; google_fonts=\u00bbfont_family:Cinzel%3Aregular%2C700%2C900|font_style:400%20regular%3A400%3Anormal\u00bb][vc_column_text]La Sant\u00edsima V\u00edrgen de La Candelaria es la patrona de la ciudad y celebra su fiesta el 2 de febrero de cada a\u00f1o. El templo del siglo XVI fue construido de mamposter\u00eda, con techo de b\u00f3veda y pisos de ladrillo, consta de una sola nave y tlene al frente un peque\u00f1o portal de tres arcos; al costado sur tiene un atrio peque\u00f1o y unas escaleras exteriores que conducen al camer\u00edn donde se expone la imagen en los d\u00edas de fiesta.[\/vc_column_text][\/vc_column][\/vc_row][vc_row][vc_column width=\u00bb1\/3&#8243;][vc_single_image image=\u00bb527&#8243; img_size=\u00bb300&#215;200&#8243; alignment=\u00bbcenter\u00bb style=\u00bbvc_box_shadow_border\u00bb][vc_custom_heading text=\u00bbIglesia Refugio de Pecadores\u00bb font_container=\u00bbtag:h2|font_size:33|text_align:center|color:%23dd3333&#8243; google_fonts=\u00bbfont_family:Cinzel%3Aregular%2C700%2C900|font_style:400%20regular%3A400%3Anormal\u00bb][vc_column_text]Ubicado al sur de la plaza principal se encuentra el Barrio de San Juan, la iglesia se llama del Refugio de Pecadores y la patrona del Barrio es la Virgen del Refugio, el patrono de la iglesia es San Juan Bautista, la construcci\u00f3n data de 1780 y se compone al igual que los otros templos de la ciudad de atrio, templo, sacrist\u00eda y anexos.[\/vc_column_text][\/vc_column][vc_column width=\u00bb1\/3&#8243;][vc_single_image image=\u00bb528&#8243; img_size=\u00bb300&#215;200&#8243; alignment=\u00bbcenter\u00bb style=\u00bbvc_box_shadow_border\u00bb][vc_custom_heading text=\u00bbIglesia de Santa Ana\u00bb font_container=\u00bbtag:h2|font_size:33|text_align:center|color:%23dd3333&#8243; google_fonts=\u00bbfont_family:Cinzel%3Aregular%2C700%2C900|font_style:400%20regular%3A400%3Anormal\u00bb][vc_column_text]Su arquitectura hace pensar que fue construida en el siglo XVI y era para los indios, pues todos los oficios, excepto la misa eran en lengua maya. La construcci\u00f3n consta de atrio, templo y sacrist\u00eda, el templo es de mamposter\u00eda de un solo cuerpo, con muros lisos y la fachada rematada por espada\u00f1a con claros para las campanas. Los marcos de la puerta son de piedra tallada.[\/vc_column_text][\/vc_column][vc_column width=\u00bb1\/3&#8243;][vc_single_image image=\u00bb529&#8243; img_size=\u00bb300&#215;200&#8243; alignment=\u00bbcenter\u00bb style=\u00bbvc_box_shadow_border\u00bb][vc_custom_heading text=\u00bbIglesia de Santa Lucia\u00bb font_container=\u00bbtag:h2|font_size:33|text_align:center|color:%23dd3333&#8243; google_fonts=\u00bbfont_family:Cinzel%3Aregular%2C700%2C900|font_style:400%20regular%3A400%3Anormal\u00bb][vc_column_text]Su fachada est\u00e1 rematada por una espada\u00f1a simple con tres claros para las campanas, los marcos de las puertas est\u00e1n labrados en piedra con motivos vegetales. La construcci\u00f3n data de principios del siglo XVII.[\/vc_column_text][\/vc_column][\/vc_row][vc_row][vc_column][\/vc_column][\/vc_row]\n<\/div>","protected":false},"excerpt":{"rendered":"<p>[vc_row][vc_column width=\u00bb2\/3&#8243;][vc_video link=\u00bbhttps:\/\/vimeo.com\/703435793&#8243;][\/vc_column][vc_column width=\u00bb1\/3&#8243;][vc_custom_heading text=\u00bbARQUITECTURA COLONIAL\u00bb font_container=\u00bbtag:h2|font_size:33|text_align:center|color:%23dd3333&#8243; google_fonts=\u00bbfont_family:Cinzel%3Aregular%2C700%2C900|font_style:400%20regular%3A400%3Anormal\u00bb][vc_column_text]En \u00a0Valladolid a\u00fan se respira un aire provinciano de notable acento colonial que est\u00e1 presente en sus elegantes casonas y edificios hist\u00f3ricos. Alrededor de la Plaza Principal, una agradable explanada con amplias jardineras, se encuentran hoteles, restaurantes, el Palacio Municipal y la Parroquia de San Servacio. En cada<\/p>\n","protected":false},"author":4,"featured_media":0,"parent":312,"menu_order":0,"comment_status":"closed","ping_status":"closed","template":"","meta":{"footnotes":""},"class_list":["post-325","page","type-page","status-publish","hentry"],"_links":{"self":[{"href":"https:\/\/casasanroquevalladolid.com\/web\/wp-json\/wp\/v2\/pages\/325","targetHints":{"allow":["GET"]}}],"collection":[{"href":"https:\/\/casasanroquevalladolid.com\/web\/wp-json\/wp\/v2\/pages"}],"about":[{"href":"https:\/\/casasanroquevalladolid.com\/web\/wp-json\/wp\/v2\/types\/page"}],"author":[{"embeddable":true,"href":"https:\/\/casasanroquevalladolid.com\/web\/wp-json\/wp\/v2\/users\/4"}],"replies":[{"embeddable":true,"href":"https:\/\/casasanroquevalladolid.com\/web\/wp-json\/wp\/v2\/comments?post=325"}],"version-history":[{"count":31,"href":"https:\/\/casasanroquevalladolid.com\/web\/wp-json\/wp\/v2\/pages\/325\/revisions"}],"predecessor-version":[{"id":1119,"href":"https:\/\/casasanroquevalladolid.com\/web\/wp-json\/wp\/v2\/pages\/325\/revisions\/1119"}],"up":[{"embeddable":true,"href":"https:\/\/casasanroquevalladolid.com\/web\/wp-json\/wp\/v2\/pages\/312"}],"wp:attachment":[{"href":"https:\/\/casasanroquevalladolid.com\/web\/wp-json\/wp\/v2\/media?parent=325"}],"curies":[{"name":"wp","href":"https:\/\/api.w.org\/{rel}","templated":true}]}}