{"id":315,"date":"2014-05-25T23:48:05","date_gmt":"2014-05-25T23:48:05","guid":{"rendered":"http:\/\/casasanroquevalladolid.com\/web\/?page_id=315"},"modified":"2015-04-27T16:58:36","modified_gmt":"2015-04-27T16:58:36","slug":"conoce-mas","status":"publish","type":"page","link":"https:\/\/casasanroquevalladolid.com\/web\/conoce-yucatan\/valladolid\/conoce-mas\/","title":{"rendered":"Conoce M\u00e1s"},"content":{"rendered":"<div class=\"wpb-content-wrapper\">[vc_row][vc_column width=\u00bb1\/1&#8243;][vc_column_text]<strong>Valladolid &#8211; Historia<\/strong><\/p>\n<p>Valladolid es la segunda ciudad en importancia de Yucat\u00e1n y la segunda m\u00e1s antigua del estado. Fue fundada el 28 de mayo de 1543 por Francisco de Montejo \u201cEl Sobrino\u201d.<\/p>\n<p>La ciudad se ubica donde existio antiguo asentamiento maya de \u201cZaci\u201d (se pronuncia: \u201csaqu\u00ed\u201d), que en lengua maya significa \u201cgavil\u00e1n blanco\u201d y estaba habitada por los Cupules.<\/p>\n<p>A la llegada de los espa\u00f1oles, los terrenos fueron divididos en encomiendas y se puso la ciudad bajo la advocaci\u00f3n de la Virgen de los Remedios y el patronazgo de San Servacio.<\/p>\n<p>Durante el siglo XIX la Ciudad adquiri\u00f3 importancia puesto que en ella se estableci\u00f3 la primera f\u00e1brica de hilos y tejidos de M\u00e9xico, \u201cLa Aurora de la Industria Yucateca\u201d fundado por el Cap. De fragata Don Pedro Sainz de Baranda, lo que ser\u00eda la gran antecesora de las maquiladoras del pa\u00eds.<\/p>\n<p>Valladolid ostenta el t\u00edtulo de \u201cCiudad Heroica\u201d porque en ella se desarrollaron dos importantes eventos hist\u00f3ricos: \u201cLa Guerra de Castas\u201d, en 1847, que consisti\u00f3 en un movimiento social que los nativos mayas iniciaron contra la poblaci\u00f3n de criollos y mestizos; y, en 1910, lo que se le considera como \u201cLa primera chispa de la Revoluci\u00f3n Mexicana\u201d, puesto que en esta tierra el 4 de junio de ese a\u00f1o se dio un movimiento precursor del que se dar\u00eda en noviembre del mismo a\u00f1o para levantarse en contra de la dictadura de Porfirio D\u00edaz por medio del Plan de Valladolid o Plan de Dzelkoop.[\/vc_column_text][\/vc_column][\/vc_row][vc_row][vc_column width=\u00bb1\/1&#8243;][vc_wp_text]<div id=\"su_slider_69e2f26d078bb\" class=\"su-slider su-slider-centered su-slider-pages-no su-slider-responsive-yes\" style=\"width:100%\" data-autoplay=\"3000\" data-speed=\"600\" data-mousewheel=\"false\"><div class=\"su-slider-slides\"><div class=\"su-slider-slide\"><a><img decoding=\"async\" src=\"https:\/\/casasanroquevalladolid.com\/web\/wp-content\/uploads\/2014\/05\/1779828_283950805093802_414542648_n-960x580.jpg\" alt=\"1779828_283950805093802_414542648_n\" \/><\/a><\/div><div class=\"su-slider-slide\"><a><img decoding=\"async\" src=\"https:\/\/casasanroquevalladolid.com\/web\/wp-content\/uploads\/2014\/05\/10012902_289444061211143_409892063_o-960x580.jpg\" alt=\"10012902_289444061211143_409892063_o\" \/><\/a><\/div><div class=\"su-slider-slide\"><a><img decoding=\"async\" src=\"https:\/\/casasanroquevalladolid.com\/web\/wp-content\/uploads\/2014\/05\/10295302_299407496881466_6679471643922767733_o-960x580.jpg\" alt=\"10295302_299407496881466_6679471643922767733_o\" \/><\/a><\/div><div class=\"su-slider-slide\"><a><img decoding=\"async\" src=\"https:\/\/casasanroquevalladolid.com\/web\/wp-content\/uploads\/2014\/05\/1511833_270098873145662_729420845_o-960x580.jpg\" alt=\"1511833_270098873145662_729420845_o\" \/><\/a><\/div><div class=\"su-slider-slide\"><a><img decoding=\"async\" src=\"https:\/\/casasanroquevalladolid.com\/web\/wp-content\/uploads\/2014\/05\/1507763_278863392269210_1698724576_n-960x580.jpg\" alt=\"1507763_278863392269210_1698724576_n\" \/><\/a><\/div><div class=\"su-slider-slide\"><a><img decoding=\"async\" src=\"https:\/\/casasanroquevalladolid.com\/web\/wp-content\/uploads\/2014\/05\/1505680_262169017271981_869232363_n-960x580.jpg\" alt=\"1505680_262169017271981_869232363_n\" \/><\/a><\/div><div class=\"su-slider-slide\"><a><img decoding=\"async\" src=\"https:\/\/casasanroquevalladolid.com\/web\/wp-content\/uploads\/2014\/05\/1476661_246200782202138_9691926_n-960x580.jpg\" alt=\"1476661_246200782202138_9691926_n\" \/><\/a><\/div><\/div><div class=\"su-slider-nav\"><div class=\"su-slider-direction\"><span class=\"su-slider-prev\"><\/span><span class=\"su-slider-next\"><\/span><\/div><div class=\"su-slider-pagination\"><\/div><\/div><\/div>[\/vc_wp_text][\/vc_column][\/vc_row]\n<\/div>","protected":false},"excerpt":{"rendered":"<p>[vc_row][vc_column width=\u00bb1\/1&#8243;][vc_column_text]Valladolid &#8211; Historia Valladolid es la segunda ciudad en importancia de Yucat\u00e1n y la segunda m\u00e1s antigua del estado. Fue fundada el 28 de mayo de 1543 por Francisco de Montejo \u201cEl Sobrino\u201d. La ciudad se ubica donde existio antiguo asentamiento maya de \u201cZaci\u201d (se pronuncia: \u201csaqu\u00ed\u201d), que en lengua maya significa \u201cgavil\u00e1n blanco\u201d<\/p>\n","protected":false},"author":4,"featured_media":0,"parent":312,"menu_order":0,"comment_status":"closed","ping_status":"closed","template":"","meta":{"footnotes":""},"class_list":["post-315","page","type-page","status-publish","hentry"],"_links":{"self":[{"href":"https:\/\/casasanroquevalladolid.com\/web\/wp-json\/wp\/v2\/pages\/315","targetHints":{"allow":["GET"]}}],"collection":[{"href":"https:\/\/casasanroquevalladolid.com\/web\/wp-json\/wp\/v2\/pages"}],"about":[{"href":"https:\/\/casasanroquevalladolid.com\/web\/wp-json\/wp\/v2\/types\/page"}],"author":[{"embeddable":true,"href":"https:\/\/casasanroquevalladolid.com\/web\/wp-json\/wp\/v2\/users\/4"}],"replies":[{"embeddable":true,"href":"https:\/\/casasanroquevalladolid.com\/web\/wp-json\/wp\/v2\/comments?post=315"}],"version-history":[{"count":5,"href":"https:\/\/casasanroquevalladolid.com\/web\/wp-json\/wp\/v2\/pages\/315\/revisions"}],"predecessor-version":[{"id":496,"href":"https:\/\/casasanroquevalladolid.com\/web\/wp-json\/wp\/v2\/pages\/315\/revisions\/496"}],"up":[{"embeddable":true,"href":"https:\/\/casasanroquevalladolid.com\/web\/wp-json\/wp\/v2\/pages\/312"}],"wp:attachment":[{"href":"https:\/\/casasanroquevalladolid.com\/web\/wp-json\/wp\/v2\/media?parent=315"}],"curies":[{"name":"wp","href":"https:\/\/api.w.org\/{rel}","templated":true}]}}