{"id":312,"date":"2015-04-26T00:00:08","date_gmt":"2015-04-26T00:00:08","guid":{"rendered":"http:\/\/casasanroquevalladolid.com\/web\/?page_id=312"},"modified":"2025-06-13T23:09:37","modified_gmt":"2025-06-13T23:09:37","slug":"valladolid","status":"publish","type":"page","link":"https:\/\/casasanroquevalladolid.com\/web\/conoce-yucatan\/valladolid\/","title":{"rendered":"VALLADOLID"},"content":{"rendered":"<div class=\"wpb-content-wrapper\">[vc_row][vc_column][vc_video link=\u00bbhttps:\/\/www.youtube.com\/watch?v=cQRgWq2louc\u00bb][\/vc_column][\/vc_row][vc_row][vc_column][vc_column_text]\n<h3 class=\"widget-title\"><\/h3>\n<p>El encanto de este Pueblo M\u00e1gico, ubicado al oriente de la Pen\u00ednsula de Yucat\u00e1n, se encuentra principalmente en sus bonitas construcciones virreinales, en sus coloridas casonas y en sus exquisitos trabajos artesanales -especialmente en bordados y textiles- de notable tradici\u00f3n prehisp\u00e1nica y colonial.<\/p>\n<p>Sin embargo, el mayor atractivo de \u201cLa Perla de Oriente\u201d o de la \u201cCapital del Oriente Maya\u201d, como tambi\u00e9n se le conoce a esta ciudad hist\u00f3rica y heroica, es la cercan\u00eda que tiene su centro con importantes zonas arqueol\u00f3gicas de la cultura maya, como lo son Chich\u00e9n Itz\u00e1, Ek Balam y Cob\u00e1, as\u00ed como con bellos cuerpos de agua que han dotado de fama a esta regi\u00f3n del sureste mexicano: los cenotes.<\/p>\n<p>Al recorrer sus tranquilas calles descubrir\u00e1s majestuosos edificios de inter\u00e9s hist\u00f3rico, pero tambi\u00e9n podr\u00e1s deleitarte con lo mejor de la gastronom\u00eda yucateca en los numerosos restaurantes y cafeter\u00edas que rodean las amplias jardineras de su agradable Plaza Principal.[\/vc_column_text][\/vc_column][\/vc_row]\n<\/div>","protected":false},"excerpt":{"rendered":"<p>[vc_row][vc_column][vc_video link=\u00bbhttps:\/\/www.youtube.com\/watch?v=cQRgWq2louc\u00bb][\/vc_column][\/vc_row][vc_row][vc_column][vc_column_text] El encanto de este Pueblo M\u00e1gico, ubicado al oriente de la Pen\u00ednsula de Yucat\u00e1n, se encuentra principalmente en sus bonitas construcciones virreinales, en sus coloridas casonas y en sus exquisitos trabajos artesanales -especialmente en bordados y textiles- de notable tradici\u00f3n prehisp\u00e1nica y colonial. Sin embargo, el mayor atractivo de \u201cLa Perla de Oriente\u201d<\/p>\n","protected":false},"author":4,"featured_media":0,"parent":102,"menu_order":0,"comment_status":"closed","ping_status":"closed","template":"","meta":{"footnotes":""},"class_list":["post-312","page","type-page","status-publish","hentry"],"_links":{"self":[{"href":"https:\/\/casasanroquevalladolid.com\/web\/wp-json\/wp\/v2\/pages\/312","targetHints":{"allow":["GET"]}}],"collection":[{"href":"https:\/\/casasanroquevalladolid.com\/web\/wp-json\/wp\/v2\/pages"}],"about":[{"href":"https:\/\/casasanroquevalladolid.com\/web\/wp-json\/wp\/v2\/types\/page"}],"author":[{"embeddable":true,"href":"https:\/\/casasanroquevalladolid.com\/web\/wp-json\/wp\/v2\/users\/4"}],"replies":[{"embeddable":true,"href":"https:\/\/casasanroquevalladolid.com\/web\/wp-json\/wp\/v2\/comments?post=312"}],"version-history":[{"count":8,"href":"https:\/\/casasanroquevalladolid.com\/web\/wp-json\/wp\/v2\/pages\/312\/revisions"}],"predecessor-version":[{"id":1100,"href":"https:\/\/casasanroquevalladolid.com\/web\/wp-json\/wp\/v2\/pages\/312\/revisions\/1100"}],"up":[{"embeddable":true,"href":"https:\/\/casasanroquevalladolid.com\/web\/wp-json\/wp\/v2\/pages\/102"}],"wp:attachment":[{"href":"https:\/\/casasanroquevalladolid.com\/web\/wp-json\/wp\/v2\/media?parent=312"}],"curies":[{"name":"wp","href":"https:\/\/api.w.org\/{rel}","templated":true}]}}