{"id":135,"date":"2015-04-26T00:00:46","date_gmt":"2015-04-26T00:00:46","guid":{"rendered":"http:\/\/casasanroquevalladolid.com\/web\/?page_id=135"},"modified":"2023-09-22T03:37:07","modified_gmt":"2023-09-22T03:37:07","slug":"conocenos","status":"publish","type":"page","link":"https:\/\/casasanroquevalladolid.com\/web\/conocenos\/","title":{"rendered":"CON\u00d3CENOS"},"content":{"rendered":"<div class=\"wpb-content-wrapper\">[vc_row][vc_column][vc_custom_heading text=\u00bbHOTEL CASA SAN ROQUE\u00bb font_container=\u00bbtag:h2|text_align:center|color:%23ffbb00&#8243; google_fonts=\u00bbfont_family:Cinzel%3Aregular%2C700%2C900|font_style:700%20bold%20regular%3A700%3Anormal\u00bb][\/vc_column][\/vc_row][vc_row][vc_column][vc_video link=\u00bbhttps:\/\/vimeo.com\/user4173710\/casasanroque?share=copy\u00bb][\/vc_column][\/vc_row][vc_row][vc_column][vc_column_text]\n<p style=\"text-align: left;\"><strong>HOTEL CASA SAN ROQUE<\/strong><\/p>\n<p><strong>Casa San Roque<\/strong> es un hotel petit con ambiente colonial, rodeado de una intima tranquilidad y modernamente construida dentro la historia misma de Valladolid, al interior de una antigua casa de la \u00e9poca colonial al pie de una majestuosa iglesia que actualmente funciona como museo.<\/p>\n<p style=\"text-align: left;\"><strong>Casa San Roque<\/strong> brinda a sus hu\u00e9spedes 6\u00a0c\u00f3modas y modernas habitaciones rodeadas de amenidades y detalles todo en el marco de un ambiente colonial y c\u00e1lido de nuestra gente. Usted se sentir\u00e1 como en casa.<\/p>\n<p style=\"text-align: left;\">Por las ma\u00f1anas contamos con desayuno incluido en su hospedaje que podr\u00e1 disfrutarlo en nuestra terraza rodeada de naturaleza y tranquilidad.<\/p>\n<p style=\"text-align: left;\">Ofrecemos a nuestros hu\u00e9spedes habitaciones con aire acondicionado, camas c\u00f3modas, tv pantalla plana, ba\u00f1os con agua fr\u00eda y caliente, internet inal\u00e1mbrico y m\u00e1s.<\/p>\n<p style=\"text-align: left;\">Estamos ubicados estrat\u00e9gicamente en el Centro Hist\u00f3rico de Valladolid, cerca de todos los atractivos culturales de la ciudad.<\/p>\n<p style=\"text-align: left;\">No dude en visitarnos, lo atenderemos como en casa.<\/p>\n[\/vc_column_text][\/vc_column][\/vc_row][vc_row][vc_column][vc_wp_text]<div id=\"su_slider_69d0a26d79e6c\" class=\"su-slider su-slider-centered su-slider-pages-no su-slider-responsive-yes\" style=\"width:100%\" data-autoplay=\"3000\" data-speed=\"600\" data-mousewheel=\"false\"><div class=\"su-slider-slides\"><div class=\"su-slider-slide\"><a><img decoding=\"async\" src=\"https:\/\/casasanroquevalladolid.com\/web\/wp-content\/uploads\/2015\/04\/DSC_8971-960x580.jpg\" alt=\"DSC_8971\" \/><\/a><\/div><div class=\"su-slider-slide\"><a><img decoding=\"async\" src=\"https:\/\/casasanroquevalladolid.com\/web\/wp-content\/uploads\/2015\/04\/DSC_8969-960x580.jpg\" alt=\"DSC_8969\" \/><\/a><\/div><div class=\"su-slider-slide\"><a><img decoding=\"async\" src=\"https:\/\/casasanroquevalladolid.com\/web\/wp-content\/uploads\/2015\/04\/DSC_8965-960x580.jpg\" alt=\"DSC_8965\" \/><\/a><\/div><div class=\"su-slider-slide\"><a><img decoding=\"async\" src=\"https:\/\/casasanroquevalladolid.com\/web\/wp-content\/uploads\/2015\/04\/DSC_8959-960x580.jpg\" alt=\"DSC_8959\" \/><\/a><\/div><div class=\"su-slider-slide\"><a><img decoding=\"async\" src=\"https:\/\/casasanroquevalladolid.com\/web\/wp-content\/uploads\/2014\/05\/DSC_5219-960x580.jpg\" alt=\"DSC_5219\" \/><\/a><\/div><div class=\"su-slider-slide\"><a><img decoding=\"async\" src=\"https:\/\/casasanroquevalladolid.com\/web\/wp-content\/uploads\/2014\/05\/DSC_5217-960x580.jpg\" alt=\"DSC_5217\" \/><\/a><\/div><div class=\"su-slider-slide\"><a><img decoding=\"async\" src=\"https:\/\/casasanroquevalladolid.com\/web\/wp-content\/uploads\/2014\/05\/DSC_5216-960x580.jpg\" alt=\"DSC_5216\" \/><\/a><\/div><div class=\"su-slider-slide\"><a><img decoding=\"async\" src=\"https:\/\/casasanroquevalladolid.com\/web\/wp-content\/uploads\/2014\/05\/DSC_5215-960x580.jpg\" alt=\"DSC_5215\" \/><\/a><\/div><div class=\"su-slider-slide\"><a><img decoding=\"async\" src=\"https:\/\/casasanroquevalladolid.com\/web\/wp-content\/uploads\/2014\/05\/DSC_5214-960x580.jpg\" alt=\"DSC_5214\" \/><\/a><\/div><div class=\"su-slider-slide\"><a><img decoding=\"async\" src=\"https:\/\/casasanroquevalladolid.com\/web\/wp-content\/uploads\/2014\/05\/DSC_5213-960x580.jpg\" alt=\"DSC_5213\" \/><\/a><\/div><div class=\"su-slider-slide\"><a><img decoding=\"async\" src=\"https:\/\/casasanroquevalladolid.com\/web\/wp-content\/uploads\/2014\/05\/DSC_5210-960x580.jpg\" alt=\"DSC_5210\" \/><\/a><\/div><div class=\"su-slider-slide\"><a><img decoding=\"async\" src=\"https:\/\/casasanroquevalladolid.com\/web\/wp-content\/uploads\/2014\/05\/DSC_5205-960x580.jpg\" alt=\"DSC_5205\" \/><\/a><\/div><div class=\"su-slider-slide\"><a><img decoding=\"async\" src=\"https:\/\/casasanroquevalladolid.com\/web\/wp-content\/uploads\/2014\/05\/DSC_5202-960x580.jpg\" alt=\"DSC_5202\" \/><\/a><\/div><div class=\"su-slider-slide\"><a><img decoding=\"async\" src=\"https:\/\/casasanroquevalladolid.com\/web\/wp-content\/uploads\/2014\/05\/DSC_5174-960x580.jpg\" alt=\"DSC_5174\" \/><\/a><\/div><div class=\"su-slider-slide\"><a><img decoding=\"async\" src=\"https:\/\/casasanroquevalladolid.com\/web\/wp-content\/uploads\/2014\/05\/DSC_5171-960x580.jpg\" alt=\"DSC_5171\" \/><\/a><\/div><div class=\"su-slider-slide\"><a><img decoding=\"async\" src=\"https:\/\/casasanroquevalladolid.com\/web\/wp-content\/uploads\/2014\/05\/DSC_5169-960x580.jpg\" alt=\"DSC_5169\" \/><\/a><\/div><div class=\"su-slider-slide\"><a><img decoding=\"async\" src=\"https:\/\/casasanroquevalladolid.com\/web\/wp-content\/uploads\/2014\/05\/DSC_5165-960x580.jpg\" alt=\"DSC_5165\" \/><\/a><\/div><div class=\"su-slider-slide\"><a><img decoding=\"async\" src=\"https:\/\/casasanroquevalladolid.com\/web\/wp-content\/uploads\/2014\/05\/DSC_5162-960x580.jpg\" alt=\"DSC_5162\" \/><\/a><\/div><div class=\"su-slider-slide\"><a><img decoding=\"async\" src=\"https:\/\/casasanroquevalladolid.com\/web\/wp-content\/uploads\/2014\/05\/DSC_5161-960x580.jpg\" alt=\"DSC_5161\" \/><\/a><\/div><div class=\"su-slider-slide\"><a><img decoding=\"async\" src=\"https:\/\/casasanroquevalladolid.com\/web\/wp-content\/uploads\/2014\/05\/DSC_5159-960x580.jpg\" alt=\"DSC_5159\" \/><\/a><\/div><div class=\"su-slider-slide\"><a><img decoding=\"async\" src=\"https:\/\/casasanroquevalladolid.com\/web\/wp-content\/uploads\/2014\/05\/DSC_5157-960x580.jpg\" alt=\"DSC_5157\" \/><\/a><\/div><div class=\"su-slider-slide\"><a><img decoding=\"async\" src=\"https:\/\/casasanroquevalladolid.com\/web\/wp-content\/uploads\/2014\/05\/DSC_5156-960x580.jpg\" alt=\"DSC_5156\" \/><\/a><\/div><div class=\"su-slider-slide\"><a><img decoding=\"async\" src=\"https:\/\/casasanroquevalladolid.com\/web\/wp-content\/uploads\/2014\/05\/DSC_5155-960x580.jpg\" alt=\"DSC_5155\" \/><\/a><\/div><div class=\"su-slider-slide\"><a><img decoding=\"async\" src=\"https:\/\/casasanroquevalladolid.com\/web\/wp-content\/uploads\/2014\/05\/DSC_5153-960x580.jpg\" alt=\"DSC_5153\" \/><\/a><\/div><div class=\"su-slider-slide\"><a><img decoding=\"async\" src=\"https:\/\/casasanroquevalladolid.com\/web\/wp-content\/uploads\/2014\/05\/DSC_5152-960x580.jpg\" alt=\"DSC_5152\" \/><\/a><\/div><div class=\"su-slider-slide\"><a><img decoding=\"async\" src=\"https:\/\/casasanroquevalladolid.com\/web\/wp-content\/uploads\/2014\/05\/DSC_51501-960x580.jpg\" alt=\"DSC_5150\" \/><\/a><\/div><div class=\"su-slider-slide\"><a><img decoding=\"async\" src=\"https:\/\/casasanroquevalladolid.com\/web\/wp-content\/uploads\/2014\/05\/DSC_5142-960x580.jpg\" alt=\"DSC_5142\" \/><\/a><\/div><div class=\"su-slider-slide\"><a><img decoding=\"async\" src=\"https:\/\/casasanroquevalladolid.com\/web\/wp-content\/uploads\/2014\/05\/DSC_51411-960x580.jpg\" alt=\"DSC_5141\" \/><\/a><\/div><div class=\"su-slider-slide\"><a><img decoding=\"async\" src=\"https:\/\/casasanroquevalladolid.com\/web\/wp-content\/uploads\/2014\/05\/DSC_5138-960x580.jpg\" alt=\"DSC_5138\" \/><\/a><\/div><div class=\"su-slider-slide\"><a><img decoding=\"async\" src=\"https:\/\/casasanroquevalladolid.com\/web\/wp-content\/uploads\/2014\/05\/DSC_5130-960x580.jpg\" alt=\"DSC_5130\" \/><\/a><\/div><div class=\"su-slider-slide\"><a><img decoding=\"async\" src=\"https:\/\/casasanroquevalladolid.com\/web\/wp-content\/uploads\/2014\/05\/DSC_5120-960x580.jpg\" alt=\"DSC_5120\" \/><\/a><\/div><div class=\"su-slider-slide\"><a><img decoding=\"async\" src=\"https:\/\/casasanroquevalladolid.com\/web\/wp-content\/uploads\/2014\/05\/DSC_5119-960x580.jpg\" alt=\"DSC_5119\" \/><\/a><\/div><div class=\"su-slider-slide\"><a><img decoding=\"async\" src=\"https:\/\/casasanroquevalladolid.com\/web\/wp-content\/uploads\/2014\/05\/DSC_5113-960x580.jpg\" alt=\"DSC_5113\" \/><\/a><\/div><div class=\"su-slider-slide\"><a><img decoding=\"async\" src=\"https:\/\/casasanroquevalladolid.com\/web\/wp-content\/uploads\/2014\/05\/DSC_5090-960x580.jpg\" alt=\"DSC_5090\" \/><\/a><\/div><div class=\"su-slider-slide\"><a><img decoding=\"async\" src=\"https:\/\/casasanroquevalladolid.com\/web\/wp-content\/uploads\/2014\/05\/DSC_5085-960x580.jpg\" alt=\"DSC_5085\" \/><\/a><\/div><div class=\"su-slider-slide\"><a><img decoding=\"async\" src=\"https:\/\/casasanroquevalladolid.com\/web\/wp-content\/uploads\/2014\/05\/DSC_5082-960x580.jpg\" alt=\"DSC_5082\" \/><\/a><\/div><div class=\"su-slider-slide\"><a><img decoding=\"async\" src=\"https:\/\/casasanroquevalladolid.com\/web\/wp-content\/uploads\/2014\/05\/DSC_50691-960x580.jpg\" alt=\"DSC_5069\" \/><\/a><\/div><div class=\"su-slider-slide\"><a><img decoding=\"async\" src=\"https:\/\/casasanroquevalladolid.com\/web\/wp-content\/uploads\/2014\/05\/DSC_5067-960x580.jpg\" alt=\"DSC_5067\" \/><\/a><\/div><div class=\"su-slider-slide\"><a><img decoding=\"async\" src=\"https:\/\/casasanroquevalladolid.com\/web\/wp-content\/uploads\/2014\/05\/DSC_5068-960x580.jpg\" alt=\"DSC_5068\" \/><\/a><\/div><div class=\"su-slider-slide\"><a><img decoding=\"async\" src=\"https:\/\/casasanroquevalladolid.com\/web\/wp-content\/uploads\/2014\/05\/DSC_5062-960x580.jpg\" alt=\"DSC_5062\" \/><\/a><\/div><div class=\"su-slider-slide\"><a><img decoding=\"async\" src=\"https:\/\/casasanroquevalladolid.com\/web\/wp-content\/uploads\/2014\/05\/DSC_50601-960x580.jpg\" alt=\"DSC_5060\" \/><\/a><\/div><div class=\"su-slider-slide\"><a><img decoding=\"async\" src=\"https:\/\/casasanroquevalladolid.com\/web\/wp-content\/uploads\/2014\/05\/DSC_50581-960x580.jpg\" alt=\"DSC_5058\" \/><\/a><\/div><div class=\"su-slider-slide\"><a><img decoding=\"async\" src=\"https:\/\/casasanroquevalladolid.com\/web\/wp-content\/uploads\/2014\/05\/DSC_50571-960x580.jpg\" alt=\"DSC_5057\" \/><\/a><\/div><div class=\"su-slider-slide\"><a><img decoding=\"async\" src=\"https:\/\/casasanroquevalladolid.com\/web\/wp-content\/uploads\/2014\/05\/DSC_50561-960x580.jpg\" alt=\"DSC_5056\" \/><\/a><\/div><div class=\"su-slider-slide\"><a><img decoding=\"async\" src=\"https:\/\/casasanroquevalladolid.com\/web\/wp-content\/uploads\/2014\/05\/DSC_50541-960x580.jpg\" alt=\"DSC_5054\" \/><\/a><\/div><div class=\"su-slider-slide\"><a><img decoding=\"async\" src=\"https:\/\/casasanroquevalladolid.com\/web\/wp-content\/uploads\/2014\/05\/DSC_5045-960x580.jpg\" alt=\"DSC_5045\" \/><\/a><\/div><div class=\"su-slider-slide\"><a><img decoding=\"async\" src=\"https:\/\/casasanroquevalladolid.com\/web\/wp-content\/uploads\/2014\/05\/DSC_5044-960x580.jpg\" alt=\"DSC_5044\" \/><\/a><\/div><div class=\"su-slider-slide\"><a><img decoding=\"async\" src=\"https:\/\/casasanroquevalladolid.com\/web\/wp-content\/uploads\/2014\/05\/DSC_5040-960x580.jpg\" alt=\"DSC_5040\" \/><\/a><\/div><div class=\"su-slider-slide\"><a><img decoding=\"async\" src=\"https:\/\/casasanroquevalladolid.com\/web\/wp-content\/uploads\/2014\/05\/DSC_5031-960x580.jpg\" alt=\"DSC_5031\" \/><\/a><\/div><div class=\"su-slider-slide\"><a><img decoding=\"async\" src=\"https:\/\/casasanroquevalladolid.com\/web\/wp-content\/uploads\/2014\/05\/DSC_5029-960x580.jpg\" alt=\"DSC_5029\" \/><\/a><\/div><div class=\"su-slider-slide\"><a><img decoding=\"async\" src=\"https:\/\/casasanroquevalladolid.com\/web\/wp-content\/uploads\/2014\/05\/DSC_5025-960x580.jpg\" alt=\"DSC_5025\" \/><\/a><\/div><div class=\"su-slider-slide\"><a><img decoding=\"async\" src=\"https:\/\/casasanroquevalladolid.com\/web\/wp-content\/uploads\/2014\/05\/DSC_5024-960x580.jpg\" alt=\"DSC_5024\" \/><\/a><\/div><div class=\"su-slider-slide\"><a><img decoding=\"async\" src=\"https:\/\/casasanroquevalladolid.com\/web\/wp-content\/uploads\/2014\/05\/DSC_5022-960x580.jpg\" alt=\"DSC_5022\" \/><\/a><\/div><div class=\"su-slider-slide\"><a><img decoding=\"async\" src=\"https:\/\/casasanroquevalladolid.com\/web\/wp-content\/uploads\/2014\/05\/DSC_5017-960x580.jpg\" alt=\"DSC_5017\" \/><\/a><\/div><div class=\"su-slider-slide\"><a><img decoding=\"async\" src=\"https:\/\/casasanroquevalladolid.com\/web\/wp-content\/uploads\/2014\/05\/DSC_5015-960x580.jpg\" alt=\"DSC_5015\" \/><\/a><\/div><div class=\"su-slider-slide\"><a><img decoding=\"async\" src=\"https:\/\/casasanroquevalladolid.com\/web\/wp-content\/uploads\/2014\/05\/DSC_5010-960x580.jpg\" alt=\"DSC_5010\" \/><\/a><\/div><div class=\"su-slider-slide\"><a><img decoding=\"async\" src=\"https:\/\/casasanroquevalladolid.com\/web\/wp-content\/uploads\/2014\/05\/DSC_5009-960x580.jpg\" alt=\"DSC_5009\" \/><\/a><\/div><div class=\"su-slider-slide\"><a><img decoding=\"async\" src=\"https:\/\/casasanroquevalladolid.com\/web\/wp-content\/uploads\/2014\/05\/DSC_5004-960x580.jpg\" alt=\"DSC_5004\" \/><\/a><\/div><div class=\"su-slider-slide\"><a><img decoding=\"async\" src=\"https:\/\/casasanroquevalladolid.com\/web\/wp-content\/uploads\/2014\/05\/DSC_4978-960x580.jpg\" alt=\"DSC_4978\" \/><\/a><\/div><div class=\"su-slider-slide\"><a><img decoding=\"async\" src=\"https:\/\/casasanroquevalladolid.com\/web\/wp-content\/uploads\/2014\/05\/DSC_4974-960x580.jpg\" alt=\"DSC_4974\" \/><\/a><\/div><div class=\"su-slider-slide\"><a><img decoding=\"async\" src=\"https:\/\/casasanroquevalladolid.com\/web\/wp-content\/uploads\/2014\/05\/DSC_4968-960x580.jpg\" alt=\"DSC_4968\" \/><\/a><\/div><div class=\"su-slider-slide\"><a><img decoding=\"async\" src=\"https:\/\/casasanroquevalladolid.com\/web\/wp-content\/uploads\/2014\/05\/DSC_4964-960x580.jpg\" alt=\"DSC_4964\" \/><\/a><\/div><div class=\"su-slider-slide\"><a><img decoding=\"async\" src=\"https:\/\/casasanroquevalladolid.com\/web\/wp-content\/uploads\/2014\/05\/DSC_4961-960x580.jpg\" alt=\"DSC_4961\" \/><\/a><\/div><div class=\"su-slider-slide\"><a><img decoding=\"async\" src=\"https:\/\/casasanroquevalladolid.com\/web\/wp-content\/uploads\/2014\/05\/DSC_4960-960x580.jpg\" alt=\"DSC_4960\" \/><\/a><\/div><div class=\"su-slider-slide\"><a><img decoding=\"async\" src=\"https:\/\/casasanroquevalladolid.com\/web\/wp-content\/uploads\/2014\/05\/DSC_4948-960x580.jpg\" alt=\"DSC_4948\" \/><\/a><\/div><div class=\"su-slider-slide\"><a><img decoding=\"async\" src=\"https:\/\/casasanroquevalladolid.com\/web\/wp-content\/uploads\/2014\/05\/DSC_4944-960x580.jpg\" alt=\"DSC_4944\" \/><\/a><\/div><div class=\"su-slider-slide\"><a><img decoding=\"async\" src=\"https:\/\/casasanroquevalladolid.com\/web\/wp-content\/uploads\/2014\/05\/DSC_4942-960x580.jpg\" alt=\"DSC_4942\" \/><\/a><\/div><div class=\"su-slider-slide\"><a><img decoding=\"async\" src=\"https:\/\/casasanroquevalladolid.com\/web\/wp-content\/uploads\/2014\/05\/DSC_4920-960x580.jpg\" alt=\"DSC_4920\" \/><\/a><\/div><div class=\"su-slider-slide\"><a><img decoding=\"async\" src=\"https:\/\/casasanroquevalladolid.com\/web\/wp-content\/uploads\/2014\/05\/DSC_4905-960x580.jpg\" alt=\"DSC_4905\" \/><\/a><\/div><div class=\"su-slider-slide\"><a><img decoding=\"async\" src=\"https:\/\/casasanroquevalladolid.com\/web\/wp-content\/uploads\/2014\/05\/DSC_4871-960x580.jpg\" alt=\"DSC_4871\" \/><\/a><\/div><div class=\"su-slider-slide\"><a><img decoding=\"async\" src=\"https:\/\/casasanroquevalladolid.com\/web\/wp-content\/uploads\/2014\/05\/DSC_4870-960x580.jpg\" alt=\"DSC_4870\" \/><\/a><\/div><div class=\"su-slider-slide\"><a><img decoding=\"async\" src=\"https:\/\/casasanroquevalladolid.com\/web\/wp-content\/uploads\/2014\/05\/DSC_4869-960x580.jpg\" alt=\"DSC_4869\" \/><\/a><\/div><div class=\"su-slider-slide\"><a><img decoding=\"async\" src=\"https:\/\/casasanroquevalladolid.com\/web\/wp-content\/uploads\/2014\/05\/DSC_4868-960x580.jpg\" alt=\"DSC_4868\" \/><\/a><\/div><div class=\"su-slider-slide\"><a><img decoding=\"async\" src=\"https:\/\/casasanroquevalladolid.com\/web\/wp-content\/uploads\/2014\/05\/DSC_4847-960x580.jpg\" alt=\"DSC_4847\" \/><\/a><\/div><div class=\"su-slider-slide\"><a><img decoding=\"async\" src=\"https:\/\/casasanroquevalladolid.com\/web\/wp-content\/uploads\/2014\/05\/DSC_4863-960x580.jpg\" alt=\"DSC_4863\" \/><\/a><\/div><div class=\"su-slider-slide\"><a><img decoding=\"async\" src=\"https:\/\/casasanroquevalladolid.com\/web\/wp-content\/uploads\/2014\/05\/DSC_4852-960x580.jpg\" alt=\"DSC_4852\" \/><\/a><\/div><div class=\"su-slider-slide\"><a><img decoding=\"async\" src=\"https:\/\/casasanroquevalladolid.com\/web\/wp-content\/uploads\/2014\/05\/DSC_4839-960x580.jpg\" alt=\"DSC_4839\" \/><\/a><\/div><div class=\"su-slider-slide\"><a><img decoding=\"async\" src=\"https:\/\/casasanroquevalladolid.com\/web\/wp-content\/uploads\/2014\/05\/DSC_4824-960x580.jpg\" alt=\"DSC_4824\" \/><\/a><\/div><div class=\"su-slider-slide\"><a><img decoding=\"async\" src=\"https:\/\/casasanroquevalladolid.com\/web\/wp-content\/uploads\/2014\/05\/DSC_3947-960x580.jpg\" alt=\"DSC_3947\" \/><\/a><\/div><div class=\"su-slider-slide\"><a><img decoding=\"async\" src=\"https:\/\/casasanroquevalladolid.com\/web\/wp-content\/uploads\/2014\/05\/DSC_3942-960x580.jpg\" alt=\"DSC_3942\" \/><\/a><\/div><div class=\"su-slider-slide\"><a><img decoding=\"async\" src=\"https:\/\/casasanroquevalladolid.com\/web\/wp-content\/uploads\/2014\/05\/DSC_39291-960x580.jpg\" alt=\"DSC_3929\" \/><\/a><\/div><div class=\"su-slider-slide\"><a><img decoding=\"async\" src=\"https:\/\/casasanroquevalladolid.com\/web\/wp-content\/uploads\/2014\/05\/DSC_3901-960x580.jpg\" alt=\"DSC_3901\" \/><\/a><\/div><div class=\"su-slider-slide\"><a><img decoding=\"async\" src=\"https:\/\/casasanroquevalladolid.com\/web\/wp-content\/uploads\/2014\/05\/DSC_3875-960x580.jpg\" alt=\"DSC_3875\" \/><\/a><\/div><div class=\"su-slider-slide\"><a><img decoding=\"async\" src=\"https:\/\/casasanroquevalladolid.com\/web\/wp-content\/uploads\/2014\/05\/DSC_3876-960x580.jpg\" alt=\"DSC_3876\" \/><\/a><\/div><div class=\"su-slider-slide\"><a><img decoding=\"async\" src=\"https:\/\/casasanroquevalladolid.com\/web\/wp-content\/uploads\/2014\/05\/DSC_38601-960x580.jpg\" alt=\"DSC_3860\" \/><\/a><\/div><\/div><div class=\"su-slider-nav\"><div class=\"su-slider-direction\"><span class=\"su-slider-prev\"><\/span><span class=\"su-slider-next\"><\/span><\/div><div class=\"su-slider-pagination\"><\/div><\/div><\/div>[\/vc_wp_text][\/vc_column][\/vc_row]\n<\/div>","protected":false},"excerpt":{"rendered":"<p>[vc_row][vc_column][vc_custom_heading text=\u00bbHOTEL CASA SAN ROQUE\u00bb font_container=\u00bbtag:h2|text_align:center|color:%23ffbb00&#8243; google_fonts=\u00bbfont_family:Cinzel%3Aregular%2C700%2C900|font_style:700%20bold%20regular%3A700%3Anormal\u00bb][\/vc_column][\/vc_row][vc_row][vc_column][vc_video link=\u00bbhttps:\/\/vimeo.com\/user4173710\/casasanroque?share=copy\u00bb][\/vc_column][\/vc_row][vc_row][vc_column][vc_column_text] HOTEL CASA SAN ROQUE Casa San Roque es un hotel petit con ambiente colonial, rodeado de una intima tranquilidad y modernamente construida dentro la historia misma de Valladolid, al interior de una antigua casa de la \u00e9poca colonial al pie de una majestuosa iglesia que actualmente funciona<\/p>\n","protected":false},"author":4,"featured_media":0,"parent":0,"menu_order":0,"comment_status":"closed","ping_status":"closed","template":"","meta":{"footnotes":""},"class_list":["post-135","page","type-page","status-publish","hentry"],"_links":{"self":[{"href":"https:\/\/casasanroquevalladolid.com\/web\/wp-json\/wp\/v2\/pages\/135","targetHints":{"allow":["GET"]}}],"collection":[{"href":"https:\/\/casasanroquevalladolid.com\/web\/wp-json\/wp\/v2\/pages"}],"about":[{"href":"https:\/\/casasanroquevalladolid.com\/web\/wp-json\/wp\/v2\/types\/page"}],"author":[{"embeddable":true,"href":"https:\/\/casasanroquevalladolid.com\/web\/wp-json\/wp\/v2\/users\/4"}],"replies":[{"embeddable":true,"href":"https:\/\/casasanroquevalladolid.com\/web\/wp-json\/wp\/v2\/comments?post=135"}],"version-history":[{"count":19,"href":"https:\/\/casasanroquevalladolid.com\/web\/wp-json\/wp\/v2\/pages\/135\/revisions"}],"predecessor-version":[{"id":659,"href":"https:\/\/casasanroquevalladolid.com\/web\/wp-json\/wp\/v2\/pages\/135\/revisions\/659"}],"wp:attachment":[{"href":"https:\/\/casasanroquevalladolid.com\/web\/wp-json\/wp\/v2\/media?parent=135"}],"curies":[{"name":"wp","href":"https:\/\/api.w.org\/{rel}","templated":true}]}}