{"id":1101,"date":"2025-06-13T23:10:04","date_gmt":"2025-06-13T23:10:04","guid":{"rendered":"https:\/\/casasanroquevalladolid.com\/web\/?page_id=1101"},"modified":"2025-06-13T23:11:40","modified_gmt":"2025-06-13T23:11:40","slug":"valladolid","status":"publish","type":"page","link":"https:\/\/casasanroquevalladolid.com\/web\/en\/experiences-explore-yucatan\/valladolid\/","title":{"rendered":"Valladolid"},"content":{"rendered":"<div class=\"wpb-content-wrapper\">[vc_row][vc_column][vc_video link=\u00bbhttps:\/\/www.youtube.com\/watch?v=cQRgWq2louc\u00bb][\/vc_column][\/vc_row][vc_row][vc_column][vc_column_text css=\u00bb\u00bb]\n<p data-start=\"83\" data-end=\"376\">The charm of this <em data-start=\"101\" data-end=\"116\">Pueblo M\u00e1gico<\/em>, located in the eastern part of the Yucat\u00e1n Peninsula, lies mainly in its beautiful colonial-era architecture, its colorful mansions, and its exquisite handcrafted work\u2014especially embroidery and textiles\u2014that reflect a rich pre-Hispanic and colonial heritage.<\/p>\n<p data-start=\"378\" data-end=\"764\">However, the biggest draw of \u201cThe Pearl of the East\u201d or the \u201cCapital of the Mayan East,\u201d as this historic and heroic city is also known, is its close proximity to some of the most important archaeological sites of the Mayan culture, such as Chich\u00e9n Itz\u00e1, Ek Balam, and Cob\u00e1, as well as to the stunning natural wonders that have made this part of southeastern Mexico famous: the cenotes.<\/p>\n<p data-start=\"766\" data-end=\"1019\">As you wander through its peaceful streets, you&#8217;ll come across majestic buildings steeped in history, while also savoring the very best of Yucatecan cuisine at the many restaurants and caf\u00e9s that surround the spacious gardens of its charming Main Plaza.<\/p>\n[\/vc_column_text][\/vc_column][\/vc_row]\n<\/div>","protected":false},"excerpt":{"rendered":"<p>[vc_row][vc_column][vc_video link=\u00bbhttps:\/\/www.youtube.com\/watch?v=cQRgWq2louc\u00bb][\/vc_column][\/vc_row][vc_row][vc_column][vc_column_text css=\u00bb\u00bb] The charm of this Pueblo M\u00e1gico, located in the eastern part of the Yucat\u00e1n Peninsula, lies mainly in its beautiful colonial-era architecture, its colorful mansions, and its exquisite handcrafted work\u2014especially embroidery and textiles\u2014that reflect a rich pre-Hispanic and colonial heritage. However, the biggest draw of \u201cThe Pearl of the East\u201d or the<\/p>\n","protected":false},"author":2,"featured_media":0,"parent":1060,"menu_order":0,"comment_status":"closed","ping_status":"closed","template":"","meta":{"footnotes":""},"class_list":["post-1101","page","type-page","status-publish","hentry"],"_links":{"self":[{"href":"https:\/\/casasanroquevalladolid.com\/web\/wp-json\/wp\/v2\/pages\/1101","targetHints":{"allow":["GET"]}}],"collection":[{"href":"https:\/\/casasanroquevalladolid.com\/web\/wp-json\/wp\/v2\/pages"}],"about":[{"href":"https:\/\/casasanroquevalladolid.com\/web\/wp-json\/wp\/v2\/types\/page"}],"author":[{"embeddable":true,"href":"https:\/\/casasanroquevalladolid.com\/web\/wp-json\/wp\/v2\/users\/2"}],"replies":[{"embeddable":true,"href":"https:\/\/casasanroquevalladolid.com\/web\/wp-json\/wp\/v2\/comments?post=1101"}],"version-history":[{"count":2,"href":"https:\/\/casasanroquevalladolid.com\/web\/wp-json\/wp\/v2\/pages\/1101\/revisions"}],"predecessor-version":[{"id":1103,"href":"https:\/\/casasanroquevalladolid.com\/web\/wp-json\/wp\/v2\/pages\/1101\/revisions\/1103"}],"up":[{"embeddable":true,"href":"https:\/\/casasanroquevalladolid.com\/web\/wp-json\/wp\/v2\/pages\/1060"}],"wp:attachment":[{"href":"https:\/\/casasanroquevalladolid.com\/web\/wp-json\/wp\/v2\/media?parent=1101"}],"curies":[{"name":"wp","href":"https:\/\/api.w.org\/{rel}","templated":true}]}}